{"id":3,"date":"2022-09-20T15:58:15","date_gmt":"2022-09-20T15:58:15","guid":{"rendered":"https:\/\/rentaluxcar.com\/?page_id=3"},"modified":"2023-07-09T23:19:27","modified_gmt":"2023-07-09T20:19:27","slug":"politique-de-confidentialite","status":"publish","type":"page","link":"https:\/\/rentaluxcar.com\/fr\/privacy-policy\/","title":{"rendered":"Politique relative aux cookies"},"content":{"rendered":"<p>Sur notre site web Rentaluxcar.com, nous utilisons des cookies conform\u00e9ment \u00e0 la loi n\u00b0 6698 sur la protection des donn\u00e9es personnelles et aux autres l\u00e9gislations applicables.<\/p>\n\n\n\n<p>Ce texte vous fournira des informations g\u00e9n\u00e9rales sur les cookies et sur les cookies que nous utilisons sur notre site web, www.rentaluxcar.com.<\/p>\n\n\n\n<p>Les cookies sont de petits fichiers t\u00e9l\u00e9charg\u00e9s sur votre appareil par votre navigateur lorsque vous consultez un site web. Ils permettent au site de fonctionner plus efficacement, offrant ainsi une exp\u00e9rience plus rapide et personnalis\u00e9e. Ils peuvent \u00e9galement \u00eatre utilis\u00e9s \u00e0 des fins publicitaires et marketing, avec votre consentement. Les cookies que nous utilisons lorsque vous visitez notre site nous permettent de stocker des informations relatives \u00e0 votre visite sur votre appareil et de les utiliser lors de vos visites ult\u00e9rieures. Par cons\u00e9quent, les cookies ne contiennent aucune autre information que l&#039;historique de votre visite. Les cookies cr\u00e9\u00e9s par notre site sont lisibles uniquement par celui-ci.&nbsp;<strong>Ce sont des cookies primaires.<\/strong><\/p>\n\n\n\n<p>Les types de cookies que nous utilisons sur notre site web www.rentaluxcar.com sont \u00e9num\u00e9r\u00e9s ci-dessous.<\/p>\n\n\n\n<p>Le contenu propos\u00e9 sur notre site est \u00e9galement accessible via des noms de domaine diff\u00e9rents de celui de l&#039;adresse d&#039;acc\u00e8s. Dans ce cas, chaque nom de domaine est unique.&nbsp;<strong>cookies tiers<\/strong>&nbsp;Cela cr\u00e9e.<\/p>\n\n\n\n<p>Voici les types de cookies que nous utilisons sur notre site et leurs finalit\u00e9s\u00a0: Vous pouvez modifier vos options dans les \u201c\u00a0param\u00e8tres des cookies\u00a0\u201d.<\/p>\n\n\n\n<h4 class=\"wp-block-heading\">Types et finalit\u00e9s des cookies<\/h4>\n\n\n\n<p>1- Cookies de session\u00a0: Ces cookies sont valides pendant que vous utilisez notre site Web et resteront valides jusqu\u2019\u00e0 ce que vous fermiez votre navigateur Internet.<\/p>\n\n\n\n<p>2- Cookies persistants\u00a0: Ces cookies sont stock\u00e9s dans votre navigateur et restent valides jusqu\u2019\u00e0 ce que vous les supprimiez ou jusqu\u2019\u00e0 leur date d\u2019expiration.<\/p>\n\n\n\n<p>3- Cookies obligatoires : Ces cookies sont essentiels au bon fonctionnement du site web et \u00e0 la fourniture du service pr\u00e9vu, et vous permettent d&#039;utiliser les fonctionnalit\u00e9s de notre site web et les services que nous proposons.<\/p>\n\n\n\n<p>4- Cookies fonctionnels et analytiques\u00a0: Ces cookies servent \u00e0 m\u00e9moriser vos pr\u00e9f\u00e9rences lors de votre visite sur notre site, \u00e0 garantir une utilisation optimale et adapt\u00e9e de celui-ci, et \u00e0 personnaliser son fonctionnement en fonction de vos demandes. Ils contiennent des donn\u00e9es relatives \u00e0 votre utilisation du site. De par leur nature, ces cookies peuvent contenir des donn\u00e9es personnelles. Par exemple, la langue d\u2019affichage de notre site est enregistr\u00e9e gr\u00e2ce \u00e0 ces cookies.<\/p>\n\n\n\n<h4 class=\"wp-block-heading\">Stockage et acc\u00e8s aux cookies<\/h4>\n\n\n\n<p>Les cookies cr\u00e9\u00e9s par notre site web sont stock\u00e9s sur votre ordinateur par le navigateur que vous utilisez pour y acc\u00e9der. Les informations contenues dans ces cookies ne sont accessibles \u00e0 distance que par notre site web, propos\u00e9 sous le nom de domaine ayant cr\u00e9\u00e9 le cookie (www.rentaluxcar.com), et uniquement si vous utilisez le m\u00eame navigateur.<\/p>\n\n\n\n<h4 class=\"wp-block-heading\">Vous pouvez choisir d&#039;accepter les cookies.<\/h4>\n\n\n\n<p>Votre navigateur internet accepte g\u00e9n\u00e9ralement automatiquement les cookies utilis\u00e9s par les sites que vous consultez. Bien que l&#039;utilisation des cookies ne soit pas obligatoire pour utiliser notre site web, le blocage de tous les cookies dans votre navigateur peut d\u00e9grader votre exp\u00e9rience utilisateur et vous emp\u00eacher d&#039;acc\u00e9der \u00e0 certaines fonctionnalit\u00e9s de notre site ou de les utiliser.<\/p>\n\n\n\n<p>Vous pouvez configurer votre navigateur pour bloquer les cookies pour tous les sites ou pour des sites sp\u00e9cifiques, pour vous avertir lorsqu&#039;un cookie est cr\u00e9\u00e9, pour bloquer les cookies tiers ou pour traiter tous les cookies comme des cookies de session.<\/p>\n\n\n\n<p>En revanche, vous pouvez supprimer les cookies stock\u00e9s sur votre appareil via votre navigateur, ou consulter et suivre la liste et les valeurs de ces cookies.<\/p>\n\n\n\n<h4 class=\"wp-block-heading\">S\u00e9curit\u00e9 de vos donn\u00e9es personnelles<\/h4>\n\n\n\n<p>Les cookies ne sont utilis\u00e9s \u00e0 aucune autre fin que celles mentionn\u00e9es dans la pr\u00e9sente politique de cookies, et tous les traitements associ\u00e9s sont effectu\u00e9s conform\u00e9ment \u00e0 la loi sur la protection des donn\u00e9es personnelles (KVKK). Vos donn\u00e9es personnelles collect\u00e9es via les cookies sont prot\u00e9g\u00e9es.&nbsp;<strong>Entreprise&nbsp;<\/strong>Vos donn\u00e9es personnelles sont trait\u00e9es, stock\u00e9es et s\u00e9curis\u00e9es conform\u00e9ment \u00e0 la loi turque sur la protection des donn\u00e9es personnelles (KVKK).<\/p>\n\n\n\n<h4 class=\"wp-block-heading\">Votre droit \u00e0 l&#039;information<\/h4>\n\n\n\n<p>Conform\u00e9ment \u00e0 l&#039;article 11 de la KVKK (Loi sur la protection des donn\u00e9es personnelles),<strong>&nbsp;\u00c0 l&#039;entreprise<\/strong>&nbsp;en soumettant votre candidature, vos donn\u00e9es personnelles\u00a0;<\/p>\n\n\n\n<ul class=\"wp-block-list\">\n<li>Pour savoir si vos donn\u00e9es personnelles sont trait\u00e9es,<\/li>\n\n\n\n<li>Vous avez le droit de demander des informations concernant le traitement de vos donn\u00e9es personnelles.,<\/li>\n\n\n\n<li>Pour conna\u00eetre la finalit\u00e9 du traitement de vos donn\u00e9es personnelles et v\u00e9rifier si elles sont utilis\u00e9es de mani\u00e8re appropri\u00e9e \u00e0 cette fin,<\/li>\n\n\n\n<li>Conna\u00eetre les tiers auxquels vos donn\u00e9es personnelles sont transf\u00e9r\u00e9es, que ce soit au niveau national ou international.,<\/li>\n\n\n\n<li>Vous avez le droit de demander la rectification de vos donn\u00e9es personnelles si elles ont \u00e9t\u00e9 trait\u00e9es de mani\u00e8re incompl\u00e8te ou inexacte.,<\/li>\n\n\n\n<li>Demander la suppression ou la destruction de donn\u00e9es personnelles dans le cadre des conditions stipul\u00e9es \u00e0 l&#039;article 7 de la loi,<\/li>\n\n\n\n<li>Vous avez le droit de demander que les mesures prises conform\u00e9ment aux alin\u00e9as d) et e) de l\u2019article 11 de la Loi soient notifi\u00e9es aux tiers auxquels vos donn\u00e9es personnelles ont \u00e9t\u00e9 transf\u00e9r\u00e9es.,<\/li>\n\n\n\n<li>Vous contestez une d\u00e9cision qui vous est pr\u00e9judiciable et qui r\u00e9sulte uniquement de l&#039;analyse de vos donn\u00e9es trait\u00e9es par des syst\u00e8mes automatis\u00e9s.,<\/li>\n\n\n\n<li>Vous avez le droit de r\u00e9clamer une indemnisation pour tout dommage subi du fait du traitement illicite de vos donn\u00e9es personnelles.,<\/li>\n<\/ul>\n\n\n\n<p>Ce texte relatif aux cookies peut \u00eatre mis \u00e0 jour afin de se conformer \u00e0 la loi sur la protection des donn\u00e9es personnelles (KVKK) en raison de modifications apport\u00e9es \u00e0 nos processus commerciaux. Si vous \u00eates abonn\u00e9 \u00e0 notre liste de diffusion, vous serez inform\u00e9 de ces mises \u00e0 jour par courriel. Dans le cas contraire, nous vous invitons \u00e0 consulter r\u00e9guli\u00e8rement notre site pour prendre connaissance des mises \u00e0 jour.<\/p>","protected":false},"excerpt":{"rendered":"<p>Rentaluxcar.com sitemizde 6698 say\u0131l\u0131 Ki\u015fisel Verilerin Korunmas\u0131 Kanunu ve di\u011fer mevzuat h\u00fck\u00fcmlerine uygun bir \u015fekilde \u00e7erezler kullanmaktay\u0131z. Bu metin ile genel olarak \u00e7erezler ve www.rentaluxcar.com web sitemizde kulland\u0131\u011f\u0131m\u0131z \u00e7erezler hakk\u0131nda sizlere bilgi verece\u011fiz. \u00c7erezler bir web sitesine girdi\u011finizde taray\u0131c\u0131n\u0131z aray\u0131c\u0131l\u0131\u011f\u0131yla cihaz\u0131n\u0131za y\u00fcklenen k\u00fc\u00e7\u00fck dosyalard\u0131r. \u00c7erezler web sitesinin daha verimli \u00e7al\u0131\u015fmas\u0131n\u0131,<span class=\"excerpt-hellip\"> [\u2026]<\/span><\/p>\n","protected":false},"author":3,"featured_media":0,"parent":0,"menu_order":0,"comment_status":"closed","ping_status":"open","template":"","meta":{"footnotes":""},"class_list":["post-3","page","type-page","status-publish","hentry"],"_links":{"self":[{"href":"https:\/\/rentaluxcar.com\/fr\/wp-json\/wp\/v2\/pages\/3","targetHints":{"allow":["GET"]}}],"collection":[{"href":"https:\/\/rentaluxcar.com\/fr\/wp-json\/wp\/v2\/pages"}],"about":[{"href":"https:\/\/rentaluxcar.com\/fr\/wp-json\/wp\/v2\/types\/page"}],"author":[{"embeddable":true,"href":"https:\/\/rentaluxcar.com\/fr\/wp-json\/wp\/v2\/users\/3"}],"replies":[{"embeddable":true,"href":"https:\/\/rentaluxcar.com\/fr\/wp-json\/wp\/v2\/comments?post=3"}],"version-history":[{"count":1,"href":"https:\/\/rentaluxcar.com\/fr\/wp-json\/wp\/v2\/pages\/3\/revisions"}],"predecessor-version":[{"id":10973,"href":"https:\/\/rentaluxcar.com\/fr\/wp-json\/wp\/v2\/pages\/3\/revisions\/10973"}],"wp:attachment":[{"href":"https:\/\/rentaluxcar.com\/fr\/wp-json\/wp\/v2\/media?parent=3"}],"curies":[{"name":"wp","href":"https:\/\/api.w.org\/{rel}","templated":true}]}}