{"id":10974,"date":"2023-07-09T23:24:53","date_gmt":"2023-07-09T20:24:53","guid":{"rendered":"https:\/\/rentaluxcar.com\/?page_id=10974"},"modified":"2023-07-09T23:24:54","modified_gmt":"2023-07-09T20:24:54","slug":"kvkk","status":"publish","type":"page","link":"https:\/\/rentaluxcar.com\/fr\/kvkk\/","title":{"rendered":"Loi sur la protection des donn\u00e9es personnelles (KVKK)"},"content":{"rendered":"<h1 class=\"wp-block-heading\">TEXTE D&#039;INFORMATION SUR LA PROTECTION ET LE TRAITEMENT DES DONN\u00c9ES PERSONNELLES<\/h1>\n\n\n\n<h4 class=\"wp-block-heading\">Responsable du traitement des donn\u00e9es<\/h4>\n\n\n\n<p>Loi n\u00b0 6698 relative \u00e0 la protection des donn\u00e9es personnelles<strong>\u201c&quot;Loi&quot;\u201d<\/strong>Conform\u00e9ment \u00e0 la l\u00e9gislation en vigueur, rentaluxcar.com, agissant en qualit\u00e9 de responsable du traitement des donn\u00e9es, accorde une grande importance \u00e0 la protection de vos donn\u00e9es personnelles.<\/p>\n\n\n\n<h4 class=\"wp-block-heading\">Finalit\u00e9 du traitement des donn\u00e9es personnelles<\/h4>\n\n\n\n<p>Vos donn\u00e9es personnelles collect\u00e9es seront utilis\u00e9es par notre soci\u00e9t\u00e9 pour permettre \u00e0 nos unit\u00e9s commerciales d&#039;effectuer le travail n\u00e9cessaire et d&#039;ex\u00e9cuter les processus commerciaux pertinents afin de vous permettre de b\u00e9n\u00e9ficier des produits et services propos\u00e9s.,<\/p>\n\n\n\n<p>Afin de mener \u00e0 bien les activit\u00e9s commerciales de notre soci\u00e9t\u00e9 et d&#039;assurer la s\u00e9curit\u00e9 juridique, technique et commerciale de notre soci\u00e9t\u00e9 et des personnes concern\u00e9es avec lesquelles elle entretient des relations d&#039;affaires, les travaux n\u00e9cessaires sont effectu\u00e9s par nos unit\u00e9s op\u00e9rationnelles concern\u00e9es et les processus commerciaux associ\u00e9s sont ex\u00e9cut\u00e9s. Dans ce cadre, les objectifs suivants sont poursuivis\u00a0: (\u201c\u00a0\u00bb<strong>Objectifs<\/strong>\u201c&quot;) et peuvent \u00eatre trait\u00e9es dans le cadre des conditions de traitement des donn\u00e9es personnelles sp\u00e9cifi\u00e9es aux articles 5 et 6 de la Loi\u00a0:<\/p>\n\n\n\n<ul class=\"wp-block-list\">\n<li>Nous veillons \u00e0 ce que vous puissiez b\u00e9n\u00e9ficier de nos services de location de voitures \u00e0 la journ\u00e9e ou au mois, et nous traitons les r\u00e9servations et les demandes d&#039;annulation en cons\u00e9quence.,<\/li>\n\n\n\n<li>Conclusion et application des contrats de location,<\/li>\n\n\n\n<li>Cr\u00e9ation, suivi ou annulation d&#039;abonnements,<\/li>\n\n\n\n<li>Fournir des services d&#039;assistance apr\u00e8s la location du v\u00e9hicule.,<\/li>\n\n\n\n<li>Ex\u00e9cution des processus comptables et financiers,<\/li>\n\n\n\n<li>R\u00e9aliser des \u00e9valuations des risques financiers pour les clients,<\/li>\n\n\n\n<li>Notre entreprise re\u00e7oit, \u00e9value et traite vos demandes, r\u00e9clamations et suggestions.,<\/li>\n\n\n\n<li>Planification et ex\u00e9cution des processus de gestion de la relation client,<\/li>\n\n\n\n<li>R\u00e9aliser des enqu\u00eates pour recueillir des informations permettant de diversifier et d&#039;am\u00e9liorer les produits\/services offerts.<\/li>\n\n\n\n<li>Assurer le suivi et la gestion des affaires juridiques,<\/li>\n\n\n\n<li>Activit\u00e9s de suivi li\u00e9es aux services,<\/li>\n\n\n\n<li>R\u00e9pondre aux demandes des institutions officielles,<\/li>\n\n\n\n<li>Mise en \u0153uvre des processus de s\u00e9curit\u00e9 de l&#039;information,<\/li>\n\n\n\n<li>R\u00e9aliser des activit\u00e9s d&#039;audit et d&#039;\u00e9thique,<\/li>\n\n\n\n<li>Planification et mise en \u0153uvre des activit\u00e9s de satisfaction client et de communication d&#039;entreprise.,<\/li>\n\n\n\n<li>Organiser des loteries, des campagnes, des concours, des promotions ou des activit\u00e9s publicitaires,<\/li>\n\n\n\n<li>Offrir des avantages suppl\u00e9mentaires aux membres du programme de fid\u00e9lit\u00e9,<\/li>\n\n\n\n<li>Si vous avez donn\u00e9 votre consentement, notre soci\u00e9t\u00e9 pourra personnaliser et vous recommander des produits et services en fonction de vos pr\u00e9f\u00e9rences, de vos habitudes d&#039;utilisation et de vos besoins, et vous envoyer des publicit\u00e9s, des promotions, des campagnes et autres communications \u00e9lectroniques commerciales similaires \u00e0 vos coordonn\u00e9es.<\/li>\n<\/ul>\n\n\n\n<h4 class=\"wp-block-heading\">\u00c0 qui et \u00e0 quelles fins les donn\u00e9es personnelles trait\u00e9es peuvent-elles \u00eatre transf\u00e9r\u00e9es ?<\/h4>\n\n\n\n<p>Vos donn\u00e9es personnelles collect\u00e9es peuvent \u00eatre transf\u00e9r\u00e9es \u00e0 nos partenaires commerciaux, fournisseurs, institutions publiques et personnes physiques d\u00fbment habilit\u00e9es, conform\u00e9ment \u00e0 la r\u00e9alisation des objectifs et dans le respect des conditions et finalit\u00e9s de traitement des donn\u00e9es personnelles \u00e9nonc\u00e9es \u00e0 l&#039;article 8 de la loi. Vous trouverez ici des informations d\u00e9taill\u00e9es concernant les destinataires de vos donn\u00e9es personnelles. <a href=\"https:\/\/rentaluxcar.com\/fr\/politique-de-confidentialite\/\" title=\"Politique relative aux cookies\">Politique relative aux cookies<\/a> Vous pouvez nous contacter.<\/p>\n\n\n\n<p>Avec votre consentement explicite, vos donn\u00e9es d&#039;identit\u00e9, de contact, de transaction client, financi\u00e8res et marketing peuvent \u00eatre partag\u00e9es avec un sous-traitant de donn\u00e9es situ\u00e9 \u00e0 l&#039;\u00e9tranger aux fins de recevoir des r\u00e9servations, de conclure et d&#039;ex\u00e9cuter des contrats de location, de recevoir et de traiter les demandes d&#039;annulation, de surveiller les activit\u00e9s li\u00e9es aux services, de fournir des avantages suppl\u00e9mentaires aux membres du programme de fid\u00e9lit\u00e9 et de cr\u00e9er, de surveiller ou d&#039;annuler des adh\u00e9sions dans le cadre des services de location de voitures journaliers ou mensuels, conform\u00e9ment aux conditions de traitement des donn\u00e9es personnelles sp\u00e9cifi\u00e9es \u00e0 l&#039;article 9 de la loi.<\/p>\n\n\n\n<p>Avec votre consentement explicite, vos donn\u00e9es d&#039;identit\u00e9, de contact, de pr\u00e9f\u00e9rences utilisateur, de transactions client, financi\u00e8res et marketing pourront \u00eatre partag\u00e9es dans le cadre des conditions de traitement des donn\u00e9es personnelles sp\u00e9cifi\u00e9es \u00e0 l&#039;article 9 de la loi aux fins de suivi et d&#039;organisation des activit\u00e9s li\u00e9es au service, de r\u00e9alisation de mesures de performance, de calcul des frais de licence de Gogocar et d&#039;ex\u00e9cution de transactions financi\u00e8res, de signalement des demandes et annulations de r\u00e9servation, de cr\u00e9ation, de suivi et d&#039;annulation d&#039;adh\u00e9sions et d&#039;activit\u00e9s du programme de fid\u00e9lit\u00e9, d&#039;assurance du d\u00e9veloppement des produits\/services, de conduite de toutes les activit\u00e9s de communication \u00e9crites et verbales, de fourniture de services de location de voitures si vous souhaitez b\u00e9n\u00e9ficier de services \u00e0 l&#039;\u00e9tranger et de r\u00e9alisation des activit\u00e9s li\u00e9es aux membres.<\/p>\n\n\n\n<p>Si vous donnez votre consentement explicite, vos donn\u00e9es d&#039;identit\u00e9, vos coordonn\u00e9es, vos donn\u00e9es financi\u00e8res et vos habitudes d&#039;utilisation peuvent \u00eatre partag\u00e9es avec Amazon.com INC (Amazon.com), Tegsoft Y\u00f6netim ve Bili\u015fim Hiz. Ltd. (Tegsoft), Eko \u00c7a\u011fr\u0131 Merkezi Hizmetleri A.\u015e. (Specto), Webinstats Yaz\u0131l\u0131m Hiz. et Tic. Ltd. \u015eti (WebInStats), Mutlucell \u0130leti\u015fim Hizmetleri A.\u015e. (Mutlucell) et Netgsm \u0130leti\u015fim ve Bilgi Teknolojileri A.\u015e. (Netgsm) dans le cadre des conditions de traitement des donn\u00e9es personnelles sp\u00e9cifi\u00e9es \u00e0 l&#039;article 9 de la Loi, dans le but de personnaliser et de vous recommander les produits et services propos\u00e9s par notre Soci\u00e9t\u00e9 en fonction de vos pr\u00e9f\u00e9rences, habitudes d&#039;utilisation et besoins, et de vous envoyer des publicit\u00e9s, des promotions, des campagnes et des communications \u00e9lectroniques commerciales similaires \u00e0 vos coordonn\u00e9es.<\/p>\n\n\n\n<h4 class=\"wp-block-heading\">M\u00e9thode et base juridique de la collecte de donn\u00e9es personnelles<\/h4>\n\n\n\n<p>Vos donn\u00e9es personnelles sont collect\u00e9es par notre soci\u00e9t\u00e9 par voie \u00e9lectronique via notre site web, nos applications mobiles, nos comptes de m\u00e9dias sociaux et par courriel ; et physiquement par coursier\/courrier, fax et rencontres en face \u00e0 face, lorsque vous contactez notre soci\u00e9t\u00e9 dans le cadre de la fourniture de nos services de location de v\u00e9hicules, sur la base des fondements juridiques sp\u00e9cifi\u00e9s aux articles 5 et 6 de la loi et pr\u00e9sent\u00e9s ci-dessous.<\/p>\n\n\n\n<p>Le traitement des donn\u00e9es personnelles des parties \u00e0 un contrat est autoris\u00e9 au motif qu&#039;il est n\u00e9cessaire \u00e0 la conclusion ou \u00e0 l&#039;ex\u00e9cution du contrat, \u00e0 condition qu&#039;il soit directement li\u00e9 \u00e0 celui-ci.;<\/p>\n\n\n\n<ul class=\"wp-block-list\">\n<li>Nous veillons \u00e0 ce que vous puissiez b\u00e9n\u00e9ficier de nos services de location de voitures \u00e0 la journ\u00e9e ou au mois, et nous traitons les r\u00e9servations et les demandes d&#039;annulation en cons\u00e9quence.,<\/li>\n\n\n\n<li>Conclusion et application des contrats de location,<\/li>\n\n\n\n<li>Cr\u00e9ation, suivi ou annulation des abonnements li\u00e9s aux services de location de voitures de notre soci\u00e9t\u00e9,<\/li>\n\n\n\n<li>Fournir des services d&#039;assistance apr\u00e8s-vente.,<\/li>\n\n\n\n<li>Offrir des avantages suppl\u00e9mentaires aux membres du programme de fid\u00e9lit\u00e9,<\/li>\n<\/ul>\n\n\n\n<p>Fond\u00e9 sur les bases l\u00e9gales selon lesquelles il est n\u00e9cessaire pour notre entreprise de remplir ses obligations l\u00e9gales ;<\/p>\n\n\n\n<ul class=\"wp-block-list\">\n<li>R\u00e9pondre aux demandes des institutions officielles,<\/li>\n<\/ul>\n\n\n\n<p>Fond\u00e9 sur les bases l\u00e9gales selon lesquelles le traitement des donn\u00e9es est n\u00e9cessaire \u00e0 la constatation, \u00e0 l\u2019exercice ou \u00e0 la protection d\u2019un droit ;<\/p>\n\n\n\n<ul class=\"wp-block-list\">\n<li>Notre entreprise re\u00e7oit, \u00e9value et traite vos demandes, r\u00e9clamations et suggestions.,<\/li>\n<\/ul>\n\n\n\n<p>Le traitement des donn\u00e9es est n\u00e9cessaire aux fins des int\u00e9r\u00eats l\u00e9gitimes du responsable du traitement, \u00e0 condition qu&#039;il ne porte pas atteinte aux droits et libert\u00e9s fondamentaux de la personne concern\u00e9e.;<\/p>\n\n\n\n<ul class=\"wp-block-list\">\n<li>Ex\u00e9cution des processus comptables et financiers,<\/li>\n\n\n\n<li>R\u00e9aliser des \u00e9valuations des risques financiers pour les clients,<\/li>\n\n\n\n<li>Planification et ex\u00e9cution des processus de gestion de la relation client,<\/li>\n\n\n\n<li>Assurer le suivi et la gestion des affaires juridiques,<\/li>\n\n\n\n<li>Mise en \u0153uvre des processus de s\u00e9curit\u00e9 de l&#039;information,<\/li>\n\n\n\n<li>R\u00e9aliser des activit\u00e9s d&#039;audit et d&#039;\u00e9thique,<\/li>\n\n\n\n<li>Activit\u00e9s de suivi li\u00e9es aux services,<\/li>\n\n\n\n<li>Planification et mise en \u0153uvre des activit\u00e9s de satisfaction client et de communication d&#039;entreprise.,<\/li>\n\n\n\n<li>Organiser des loteries, des campagnes, des concours, des promotions ou des activit\u00e9s publicitaires,<\/li>\n<\/ul>\n\n\n\n<p>Si vous donnez votre consentement explicite ;<\/p>\n\n\n\n<ul class=\"wp-block-list\">\n<li>Vos informations d&#039;identit\u00e9, de contact, de client, de transaction client, de marketing, de v\u00e9hicule et d&#039;assurance peuvent \u00eatre trait\u00e9es par notre soci\u00e9t\u00e9 afin de personnaliser les produits et services qui vous sont propos\u00e9s en fonction de vos pr\u00e9f\u00e9rences, de vos habitudes d&#039;utilisation et de vos besoins, et de vous envoyer des publicit\u00e9s, des promotions, des campagnes et autres communications \u00e9lectroniques commerciales similaires \u00e0 vos coordonn\u00e9es.<\/li>\n\n\n\n<li>Vos donn\u00e9es d&#039;identit\u00e9, de contact, financi\u00e8res et d&#039;habitudes d&#039;utilisation peuvent \u00eatre partag\u00e9es avec WebInStats, Mutlucell et Netgsm dans le but de personnaliser les produits et services offerts par notre soci\u00e9t\u00e9 en fonction de vos pr\u00e9f\u00e9rences, habitudes d&#039;utilisation et besoins, et de vous envoyer des publicit\u00e9s, des promotions, des campagnes et autres communications \u00e9lectroniques commerciales similaires \u00e0 vos coordonn\u00e9es.<\/li>\n<\/ul>\n\n\n\n<h4 class=\"wp-block-heading\">Droits de la personne concern\u00e9e, tels qu&#039;ils sont \u00e9num\u00e9r\u00e9s \u00e0 l&#039;article 11 de la loi<\/h4>\n\n\n\n<p>Nous vous informons qu&#039;en tant que personne concern\u00e9e, vous disposez des droits suivants conform\u00e9ment \u00e0 l&#039;article 11 de la loi\u00a0:<\/p>\n\n\n\n<ul class=\"wp-block-list\">\n<li>Pour savoir si vos donn\u00e9es personnelles sont trait\u00e9es,<\/li>\n\n\n\n<li>Le droit de demander des informations concernant le traitement des donn\u00e9es personnelles.,<\/li>\n\n\n\n<li>Pour conna\u00eetre la finalit\u00e9 du traitement des donn\u00e9es personnelles et v\u00e9rifier si elles sont utilis\u00e9es de mani\u00e8re appropri\u00e9e \u00e0 cette fin.,<\/li>\n\n\n\n<li>Conna\u00eetre les tiers auxquels des donn\u00e9es personnelles sont transf\u00e9r\u00e9es, que ce soit au niveau national ou international.,<\/li>\n\n\n\n<li>Le droit de demander la rectification des donn\u00e9es personnelles si elles ont \u00e9t\u00e9 trait\u00e9es de mani\u00e8re incompl\u00e8te ou inexacte, et de demander que cette rectification soit notifi\u00e9e aux tiers auxquels les donn\u00e9es personnelles ont \u00e9t\u00e9 transf\u00e9r\u00e9es.,<\/li>\n\n\n\n<li>M\u00eame si les donn\u00e9es personnelles ont \u00e9t\u00e9 trait\u00e9es conform\u00e9ment \u00e0 la loi et aux autres dispositions l\u00e9gales applicables, le droit de demander l&#039;effacement ou la destruction des donn\u00e9es personnelles lorsque les raisons justifiant leur traitement cessent d&#039;exister, et de demander que cette action soit notifi\u00e9e aux tiers auxquels les donn\u00e9es personnelles ont \u00e9t\u00e9 transf\u00e9r\u00e9es.,<\/li>\n\n\n\n<li>Le droit de s&#039;opposer \u00e0 un r\u00e9sultat pr\u00e9judiciable \u00e0 soi-m\u00eame, r\u00e9sultant de l&#039;analyse de donn\u00e9es trait\u00e9es exclusivement par des syst\u00e8mes automatis\u00e9s.,<\/li>\n\n\n\n<li>Les personnes qui subissent un pr\u00e9judice du fait du traitement illicite de leurs donn\u00e9es personnelles ont le droit de demander r\u00e9paration pour ce pr\u00e9judice.<\/li>\n<\/ul>\n\n\n\n<p>Vous pouvez soumettre vos demandes concernant les droits \u00e9num\u00e9r\u00e9s ci-dessus.,\u00a0<a href=\"https:\/\/www.renticar.com\/pdf\/veri-sahibi-basvuru-formu.pdf\" target=\"_blank\" rel=\"noreferrer noopener\">info@rentaluxcar.com<\/a> Vous pouvez soumettre votre demande \u00e0 notre soci\u00e9t\u00e9 par courriel. Selon sa nature, votre demande sera trait\u00e9e gratuitement dans les meilleurs d\u00e9lais et au plus tard sous trente jours. Toutefois, si le traitement engendre des frais suppl\u00e9mentaires, des frais pourront vous \u00eatre factur\u00e9s conform\u00e9ment au tarif fix\u00e9 par l&#039;Autorit\u00e9 de protection des donn\u00e9es personnelles.<\/p>","protected":false},"excerpt":{"rendered":"<p>K\u0130\u015e\u0130SEL VER\u0130LER\u0130N KORUNMASI VE \u0130\u015eLENMES\u0130 AYDINLATMA METN\u0130 Veri Sorumlusu 6698 say\u0131l\u0131 Ki\u015fisel Verilerin Korunmas\u0131 Kanunu (&#8220;Kanun&#8221;) uyar\u0131nca, veri sorumlusu s\u0131fat\u0131yla hareket eden rentaluxcar.com taraf\u0131ndan ki\u015fisel verilerinizin korunmas\u0131na b\u00fcy\u00fck \u00f6nem verilmektedir. Ki\u015fisel Verilerin Hangi Ama\u00e7la \u0130\u015flenece\u011fi Toplanan ki\u015fisel verileriniz, \u015eirketimiz taraf\u0131ndan sunulan \u00fcr\u00fcn ve hizmetlerden sizleri faydaland\u0131rmak i\u00e7in gerekli \u00e7al\u0131\u015fmalar\u0131n i\u015f<span class=\"excerpt-hellip\"> [\u2026]<\/span><\/p>\n","protected":false},"author":3,"featured_media":0,"parent":0,"menu_order":0,"comment_status":"closed","ping_status":"closed","template":"","meta":{"footnotes":""},"class_list":["post-10974","page","type-page","status-publish","hentry"],"_links":{"self":[{"href":"https:\/\/rentaluxcar.com\/fr\/wp-json\/wp\/v2\/pages\/10974","targetHints":{"allow":["GET"]}}],"collection":[{"href":"https:\/\/rentaluxcar.com\/fr\/wp-json\/wp\/v2\/pages"}],"about":[{"href":"https:\/\/rentaluxcar.com\/fr\/wp-json\/wp\/v2\/types\/page"}],"author":[{"embeddable":true,"href":"https:\/\/rentaluxcar.com\/fr\/wp-json\/wp\/v2\/users\/3"}],"replies":[{"embeddable":true,"href":"https:\/\/rentaluxcar.com\/fr\/wp-json\/wp\/v2\/comments?post=10974"}],"version-history":[{"count":1,"href":"https:\/\/rentaluxcar.com\/fr\/wp-json\/wp\/v2\/pages\/10974\/revisions"}],"predecessor-version":[{"id":10975,"href":"https:\/\/rentaluxcar.com\/fr\/wp-json\/wp\/v2\/pages\/10974\/revisions\/10975"}],"wp:attachment":[{"href":"https:\/\/rentaluxcar.com\/fr\/wp-json\/wp\/v2\/media?parent=10974"}],"curies":[{"name":"wp","href":"https:\/\/api.w.org\/{rel}","templated":true}]}}