{"id":3,"date":"2022-09-20T15:58:15","date_gmt":"2022-09-20T15:58:15","guid":{"rendered":"https:\/\/rentaluxcar.com\/?page_id=3"},"modified":"2023-07-09T23:19:27","modified_gmt":"2023-07-09T20:19:27","slug":"datenschutzrichtlinie","status":"publish","type":"page","link":"https:\/\/rentaluxcar.com\/de\/privacy-policy\/","title":{"rendered":"Cookie-Richtlinie"},"content":{"rendered":"<p>Auf unserer Website Rentaluxcar.com verwenden wir Cookies in \u00dcbereinstimmung mit dem franz\u00f6sischen Datenschutzgesetz Nr. 6698 und anderen einschl\u00e4gigen Rechtsvorschriften.<\/p>\n\n\n\n<p>Dieser Text liefert Ihnen allgemeine Informationen \u00fcber Cookies und die Cookies, die wir auf unserer Website www.rentaluxcar.com verwenden.<\/p>\n\n\n\n<p>Cookies sind kleine Dateien, die beim Besuch einer Website \u00fcber Ihren Browser auf Ihr Ger\u00e4t heruntergeladen werden. Sie erm\u00f6glichen eine effizientere Website-Funktionalit\u00e4t und bieten ein schnelleres und personalisierteres Nutzererlebnis. Mit Ihrer Einwilligung k\u00f6nnen sie auch f\u00fcr Werbe- und Marketingzwecke verwendet werden. Die von uns verwendeten Cookies speichern Informationen \u00fcber Ihren Besuch auf Ihrem Ger\u00e4t und nutzen diese bei Ihren n\u00e4chsten Besuchen. Daher enthalten Cookies ausschlie\u00dflich Daten zu Ihrem Website-Besuch. Cookies, die von unserer Website erstellt und nur von unserer Website lesbar sind\u2026&nbsp;<strong>Dies sind prim\u00e4re Cookies.<\/strong><\/p>\n\n\n\n<p>Die Arten von Cookies, die wir auf unserer Website www.rentaluxcar.com verwenden, sind unten aufgef\u00fchrt.<\/p>\n\n\n\n<p>Die auf unserer Website angebotenen Inhalte werden auch \u00fcber andere Domainnamen als die unter der Zugriffsadresse angegebene bereitgestellt. In diesen F\u00e4llen ist jeder Domainname eindeutig.&nbsp;<strong>Cookies von Drittanbietern<\/strong>&nbsp;Es erschafft.<\/p>\n\n\n\n<p>Die Arten von Cookies, die wir auf unserer Website verwenden, und deren Verwendungszweck sind wie folgt: Sie k\u00f6nnen Ihre Optionen in den \u201cCookie-Einstellungen\u201d \u00e4ndern.<\/p>\n\n\n\n<h4 class=\"wp-block-heading\">Cookie-Arten und -Zwecke<\/h4>\n\n\n\n<p>1- Session-Cookies: Diese Cookies sind g\u00fcltig, solange Sie unsere Website nutzen, und bleiben g\u00fcltig, bis Sie Ihren Internetbrowser schlie\u00dfen.<\/p>\n\n\n\n<p>2. Permanente Cookies: Diese Cookies werden in Ihrem Browser gespeichert und bleiben g\u00fcltig, bis Sie sie l\u00f6schen oder bis zu ihrem Ablaufdatum.<\/p>\n\n\n\n<p>3. Obligatorische Cookies: Diese Cookies sind unerl\u00e4sslich, damit die Website ordnungsgem\u00e4\u00df und gem\u00e4\u00df dem vorgesehenen Service funktioniert und damit Sie die Funktionen unserer Website und die von uns angebotenen Dienste nutzen k\u00f6nnen.<\/p>\n\n\n\n<p>4. Funktionale und analytische Cookies: Diese Cookies speichern Ihre Pr\u00e4ferenzen w\u00e4hrend Ihres Besuchs auf unserer Website, gew\u00e4hrleisten eine effiziente und planm\u00e4\u00dfige Nutzung und optimieren unsere Website f\u00fcr Ihre Bed\u00fcrfnisse. Sie enthalten Daten \u00fcber Ihre Website-Nutzung und k\u00f6nnen daher personenbezogene Daten enthalten. Beispielsweise wird Ihre bevorzugte Sprache f\u00fcr die Anzeige unserer Website mithilfe dieser Cookies verarbeitet.<\/p>\n\n\n\n<h4 class=\"wp-block-heading\">Speichern und Zugriff auf Cookies<\/h4>\n\n\n\n<p>Die von unserer Website erstellten Cookies werden von dem Browser, mit dem Sie auf unsere Website zugreifen, auf Ihrem Computer gespeichert. Die in diesen Cookies enthaltenen Informationen k\u00f6nnen nur von unserer Website, die unter der Domain, die den Cookie erstellt hat (www.rentaluxcar.com), angeboten wird, und nur dann aus der Ferne abgerufen werden, wenn Sie denselben Browser verwenden.<\/p>\n\n\n\n<h4 class=\"wp-block-heading\">Sie k\u00f6nnen die Annahme von Cookies frei w\u00e4hlen.<\/h4>\n\n\n\n<p>Ihre Internetbrowser akzeptieren in der Regel automatisch Cookies von besuchten Websites. Die Verwendung von Cookies ist zwar f\u00fcr die Nutzung unserer Website nicht zwingend erforderlich, jedoch kann das Blockieren aller Cookies in Ihrem Browser Ihre Benutzererfahrung beeintr\u00e4chtigen und Sie daran hindern, auf verschiedene Funktionen unserer Website zuzugreifen oder diese zu nutzen.<\/p>\n\n\n\n<p>Sie k\u00f6nnen Ihren Browser so konfigurieren, dass er Cookies f\u00fcr alle oder bestimmte Websites blockiert, Sie warnt, wenn ein Cookie erstellt wird, Cookies von Drittanbietern blockiert oder alle Cookies als Sitzungscookies behandelt.<\/p>\n\n\n\n<p>Andererseits k\u00f6nnen Sie die auf Ihrem Ger\u00e4t gespeicherten Cookies \u00fcber Ihren Browser l\u00f6schen oder die Liste und die Werte dieser Cookies einsehen und verfolgen.<\/p>\n\n\n\n<h4 class=\"wp-block-heading\">Sicherheit Ihrer pers\u00f6nlichen Daten<\/h4>\n\n\n\n<p>Cookies werden ausschlie\u00dflich f\u00fcr die in dieser Cookie-Information genannten Zwecke verwendet, und alle damit verbundenen Prozesse erfolgen gem\u00e4\u00df dem franz\u00f6sischen Datenschutzgesetz (KVKK). Ihre \u00fcber Cookies erhobenen personenbezogenen Daten werden vertraulich behandelt.&nbsp;<strong>Unternehmen&nbsp;<\/strong>Ihre personenbezogenen Daten werden gem\u00e4\u00df dem t\u00fcrkischen Datenschutzgesetz (KVKK) verarbeitet, gespeichert und gesichert.<\/p>\n\n\n\n<h4 class=\"wp-block-heading\">Ihr Recht auf Information<\/h4>\n\n\n\n<p>Gem\u00e4\u00df Artikel 11 des KVKK (Gesetz zum Schutz personenbezogener Daten),<strong>&nbsp;An das Unternehmen<\/strong>&nbsp;durch Ihre Bewerbung Ihre pers\u00f6nlichen Daten;<\/p>\n\n\n\n<ul class=\"wp-block-list\">\n<li>Um herauszufinden, ob Ihre personenbezogenen Daten verarbeitet werden,<\/li>\n\n\n\n<li>Sie haben das Recht, Auskunft \u00fcber die Verarbeitung Ihrer personenbezogenen Daten zu verlangen.,<\/li>\n\n\n\n<li>Um zu erfahren, zu welchem Zweck Ihre personenbezogenen Daten verarbeitet werden und ob diese f\u00fcr diesen Zweck angemessen verwendet werden,<\/li>\n\n\n\n<li>Kenntnis der Drittparteien, an die Ihre personenbezogenen Daten \u00fcbermittelt werden, sei es im Inland oder im Ausland.,<\/li>\n\n\n\n<li>Sie haben das Recht, die Berichtigung Ihrer personenbezogenen Daten zu verlangen, wenn diese unvollst\u00e4ndig oder unrichtig verarbeitet wurden.,<\/li>\n\n\n\n<li>Antrag auf L\u00f6schung oder Vernichtung personenbezogener Daten im Rahmen der in Artikel 7 des Gesetzes festgelegten Bedingungen,<\/li>\n\n\n\n<li>Sie haben das Recht zu verlangen, dass die gem\u00e4\u00df Artikel 11 Buchstabe d) und e) des Gesetzes getroffenen Ma\u00dfnahmen den Dritten mitgeteilt werden, an die Ihre personenbezogenen Daten \u00fcbermittelt wurden.,<\/li>\n\n\n\n<li>Sie widersprechen einer f\u00fcr Sie nachteiligen Entscheidung, die ausschlie\u00dflich auf der Analyse Ihrer verarbeiteten Daten durch automatisierte Systeme beruht.,<\/li>\n\n\n\n<li>Sie haben das Recht, Schadensersatz f\u00fcr alle Sch\u00e4den zu fordern, die Ihnen durch die unrechtm\u00e4\u00dfige Verarbeitung Ihrer personenbezogenen Daten entstehen.,<\/li>\n<\/ul>\n\n\n\n<p>Dieser Text zu Cookies kann aufgrund von \u00c4nderungen unserer Gesch\u00e4ftsprozesse gem\u00e4\u00df dem franz\u00f6sischen Datenschutzgesetz (KVKK) aktualisiert werden. Wenn Sie in unserer automatisierten E-Mail-Liste eingetragen sind, werden Sie \u00fcber diese Aktualisierungen per E-Mail benachrichtigt. Sollten Sie nicht in unserer automatisierten E-Mail-Liste eingetragen sein, besuchen Sie bitte regelm\u00e4\u00dfig unsere Website, um sich \u00fcber Aktualisierungen zu informieren.<\/p>","protected":false},"excerpt":{"rendered":"<p>Rentaluxcar.com sitemizde 6698 say\u0131l\u0131 Ki\u015fisel Verilerin Korunmas\u0131 Kanunu ve di\u011fer mevzuat h\u00fck\u00fcmlerine uygun bir \u015fekilde \u00e7erezler kullanmaktay\u0131z. Bu metin ile genel olarak \u00e7erezler ve www.rentaluxcar.com web sitemizde kulland\u0131\u011f\u0131m\u0131z \u00e7erezler hakk\u0131nda sizlere bilgi verece\u011fiz. \u00c7erezler bir web sitesine girdi\u011finizde taray\u0131c\u0131n\u0131z aray\u0131c\u0131l\u0131\u011f\u0131yla cihaz\u0131n\u0131za y\u00fcklenen k\u00fc\u00e7\u00fck dosyalard\u0131r. \u00c7erezler web sitesinin daha verimli \u00e7al\u0131\u015fmas\u0131n\u0131,<span class=\"excerpt-hellip\"> [\u2026]<\/span><\/p>\n","protected":false},"author":3,"featured_media":0,"parent":0,"menu_order":0,"comment_status":"closed","ping_status":"open","template":"","meta":{"footnotes":""},"class_list":["post-3","page","type-page","status-publish","hentry"],"_links":{"self":[{"href":"https:\/\/rentaluxcar.com\/de\/wp-json\/wp\/v2\/pages\/3","targetHints":{"allow":["GET"]}}],"collection":[{"href":"https:\/\/rentaluxcar.com\/de\/wp-json\/wp\/v2\/pages"}],"about":[{"href":"https:\/\/rentaluxcar.com\/de\/wp-json\/wp\/v2\/types\/page"}],"author":[{"embeddable":true,"href":"https:\/\/rentaluxcar.com\/de\/wp-json\/wp\/v2\/users\/3"}],"replies":[{"embeddable":true,"href":"https:\/\/rentaluxcar.com\/de\/wp-json\/wp\/v2\/comments?post=3"}],"version-history":[{"count":1,"href":"https:\/\/rentaluxcar.com\/de\/wp-json\/wp\/v2\/pages\/3\/revisions"}],"predecessor-version":[{"id":10973,"href":"https:\/\/rentaluxcar.com\/de\/wp-json\/wp\/v2\/pages\/3\/revisions\/10973"}],"wp:attachment":[{"href":"https:\/\/rentaluxcar.com\/de\/wp-json\/wp\/v2\/media?parent=3"}],"curies":[{"name":"wp","href":"https:\/\/api.w.org\/{rel}","templated":true}]}}