{"id":10974,"date":"2023-07-09T23:24:53","date_gmt":"2023-07-09T20:24:53","guid":{"rendered":"https:\/\/rentaluxcar.com\/?page_id=10974"},"modified":"2023-07-09T23:24:54","modified_gmt":"2023-07-09T20:24:54","slug":"kvkk","status":"publish","type":"page","link":"https:\/\/rentaluxcar.com\/de\/kvkk\/","title":{"rendered":"Gesetz zum Schutz personenbezogener Daten (KVKK)"},"content":{"rendered":"<h1 class=\"wp-block-heading\">INFORMATIONEN ZUM SCHUTZ UND ZUR VERARBEITUNG PERSONENBEZOGENER DATEN<\/h1>\n\n\n\n<h4 class=\"wp-block-heading\">Datenverantwortlicher<\/h4>\n\n\n\n<p>Gesetz Nr. 6698 \u00fcber den Schutz personenbezogener Daten<strong>\u201c&quot;Gesetz&quot;\u201d<\/strong>In \u00dcbereinstimmung mit den einschl\u00e4gigen gesetzlichen Bestimmungen legt rentaluxcar.com als Datenverantwortlicher gro\u00dfen Wert auf den Schutz Ihrer personenbezogenen Daten.<\/p>\n\n\n\n<h4 class=\"wp-block-heading\">Der Zweck, zu dem personenbezogene Daten verarbeitet werden<\/h4>\n\n\n\n<p>Die von Ihnen erhobenen personenbezogenen Daten werden von unserem Unternehmen verwendet, um unseren Gesch\u00e4ftsbereichen die Durchf\u00fchrung der notwendigen Arbeiten und die Ausf\u00fchrung der relevanten Gesch\u00e4ftsprozesse zu erm\u00f6glichen, damit Sie von den angebotenen Produkten und Dienstleistungen profitieren k\u00f6nnen.,<\/p>\n\n\n\n<p>Zur Durchf\u00fchrung der von unserem Unternehmen ausge\u00fcbten Gesch\u00e4ftst\u00e4tigkeiten und zur Gew\u00e4hrleistung der rechtlichen, technischen und gesch\u00e4ftlichen Sicherheit unseres Unternehmens und der relevanten Personen, mit denen unser Unternehmen Gesch\u00e4ftsbeziehungen unterh\u00e4lt, werden die notwendigen Arbeiten von unseren jeweiligen Gesch\u00e4ftsbereichen durchgef\u00fchrt und die damit verbundenen Gesch\u00e4ftsprozesse ausgef\u00fchrt. Im Rahmen dieser Zwecke werden die folgenden Ziele verfolgt: (\u201c<strong>Ziele<\/strong>\u201c&quot;) und k\u00f6nnen im Rahmen der in den Artikeln 5 und 6 des Gesetzes festgelegten Bedingungen f\u00fcr die Verarbeitung personenbezogener Daten verarbeitet werden:<\/p>\n\n\n\n<ul class=\"wp-block-list\">\n<li>Wir sorgen daf\u00fcr, dass Sie von unseren Tages- oder Monatsmietwagen profitieren k\u00f6nnen und bearbeiten Reservierungen und Stornierungsanfragen entsprechend.,<\/li>\n\n\n\n<li>Abschluss und Durchsetzung von Mietvertr\u00e4gen,<\/li>\n\n\n\n<li>Erstellung, Verwaltung oder K\u00fcndigung von Mitgliedschaften,<\/li>\n\n\n\n<li>Bereitstellung von Kundendienstleistungen nach der Fahrzeugvermietung.,<\/li>\n\n\n\n<li>Durchf\u00fchrung von Buchhaltungs- und Finanzprozessen,<\/li>\n\n\n\n<li>Durchf\u00fchrung von Finanzrisikobewertungen f\u00fcr Kunden,<\/li>\n\n\n\n<li>Unser Unternehmen nimmt Ihre Anfragen, Beschwerden und Anregungen entgegen, pr\u00fcft diese und bearbeitet sie.,<\/li>\n\n\n\n<li>Planung und Durchf\u00fchrung von Kundenbeziehungsmanagementprozessen,<\/li>\n\n\n\n<li>Durchf\u00fchrung von Umfragen, um Informationen zur Diversifizierung und Verbesserung der angebotenen Produkte\/Dienstleistungen zu sammeln.<\/li>\n\n\n\n<li>Nachverfolgung und Verwaltung von Rechtsangelegenheiten,<\/li>\n\n\n\n<li>\u00dcberwachungst\u00e4tigkeiten im Zusammenhang mit Dienstleistungen,<\/li>\n\n\n\n<li>Erf\u00fcllung von Anfragen offizieller Institutionen,<\/li>\n\n\n\n<li>Implementierung von Informationssicherheitsprozessen,<\/li>\n\n\n\n<li>Durchf\u00fchrung von Pr\u00fcfungs- und Ethikaktivit\u00e4ten,<\/li>\n\n\n\n<li>Planung und Durchf\u00fchrung von Ma\u00dfnahmen zur Kundenzufriedenheit und Unternehmenskommunikation.,<\/li>\n\n\n\n<li>Durchf\u00fchrung von Verlosungen, Kampagnen, Wettbewerben, Werbeaktionen oder Werbeaktivit\u00e4ten,<\/li>\n\n\n\n<li>Zus\u00e4tzliche Vorteile f\u00fcr Mitglieder des Treueprogramms bieten,<\/li>\n\n\n\n<li>Sofern Sie Ihre Einwilligung erteilt haben, kann unser Unternehmen Ihnen auf Basis Ihrer Pr\u00e4ferenzen, Nutzungsgewohnheiten und Bed\u00fcrfnisse personalisierte Produkte und Dienstleistungen empfehlen und Ihnen Werbung, Aktionen, Kampagnen und \u00e4hnliche kommerzielle elektronische Mitteilungen an Ihre Kontaktdaten senden.<\/li>\n<\/ul>\n\n\n\n<h4 class=\"wp-block-heading\">An wen und zu welchem Zweck die verarbeiteten personenbezogenen Daten \u00fcbermittelt werden d\u00fcrfen<\/h4>\n\n\n\n<p>Ihre erhobenen personenbezogenen Daten k\u00f6nnen im Einklang mit den in Artikel 8 des Gesetzes festgelegten Bedingungen und Zwecken der Datenverarbeitung an unsere Gesch\u00e4fts-\/L\u00f6sungspartner, Lieferanten, gesetzlich dazu befugte \u00f6ffentliche Einrichtungen und gesetzlich dazu befugte Privatpersonen weitergegeben werden, um die gesteckten Ziele zu erreichen. Detaillierte Informationen zu den Empf\u00e4ngern Ihrer personenbezogenen Daten finden Sie hier. <a href=\"https:\/\/rentaluxcar.com\/de\/datenschutzrichtlinie\/\" title=\"Cookie-Richtlinie\">Cookie-Richtlinie<\/a> Sie k\u00f6nnen uns erreichen.<\/p>\n\n\n\n<p>Mit Ihrer ausdr\u00fccklichen Einwilligung k\u00f6nnen Ihre Identit\u00e4ts-, Kontakt-, Kundentransaktions-, Finanz- und Marketingdaten an einen im Ausland ans\u00e4ssigen Datenverarbeiter weitergegeben werden, um Reservierungen entgegenzunehmen, Mietvertr\u00e4ge abzuschlie\u00dfen und auszuf\u00fchren, Stornierungsanfragen entgegenzunehmen und zu erf\u00fcllen, Aktivit\u00e4ten im Zusammenhang mit Dienstleistungen zu \u00fcberwachen, Mitgliedern von Treueprogrammen zus\u00e4tzliche Vorteile zu bieten und Mitgliedschaften im Rahmen von Tages- oder Monatsmieten zu erstellen, zu \u00fcberwachen oder zu k\u00fcndigen. Die Verarbeitung personenbezogener Daten erfolgt gem\u00e4\u00df den in Artikel 9 des Gesetzes festgelegten Bedingungen.<\/p>\n\n\n\n<p>Mit Ihrer ausdr\u00fccklichen Einwilligung k\u00f6nnen Ihre Identit\u00e4ts-, Kontakt-, Nutzerpr\u00e4ferenzen-, Kundentransaktions-, Finanz- und Marketingdaten im Rahmen der in Artikel 9 des Gesetzes festgelegten Bedingungen f\u00fcr die Verarbeitung personenbezogener Daten zum Zwecke der \u00dcberwachung und Organisation servicebezogener Aktivit\u00e4ten, der Durchf\u00fchrung von Leistungsmessungen, der Berechnung der Lizenzgeb\u00fchren von Gogocar und der Durchf\u00fchrung von Finanztransaktionen, der Meldung von Reservierungsanfragen und Stornierungen, der Erstellung, Verfolgung und Stornierung von Mitgliedschaften und Aktivit\u00e4ten im Rahmen des Treueprogramms, der Sicherstellung der Produkt-\/Serviceentwicklung, der Durchf\u00fchrung aller schriftlichen und m\u00fcndlichen Kommunikationsaktivit\u00e4ten, der Bereitstellung von Mietwagendiensten, wenn Sie Dienstleistungen im Ausland in Anspruch nehmen m\u00f6chten, und der Durchf\u00fchrung von Mitgliedschaftsaktivit\u00e4ten weitergegeben werden.<\/p>\n\n\n\n<p>Wenn Sie Ihre ausdr\u00fcckliche Einwilligung erteilen, k\u00f6nnen Ihre Identit\u00e4tsdaten, Kontaktdaten, Finanzdaten und Daten zu Ihren Nutzungsgewohnheiten an Amazon.com INC (Amazon.com), Tegsoft Y\u00f6netim ve Bili\u015fim Hiz. weitergegeben werden. Ltd. \u015eti. (Tegsoft), Eko \u00c7a\u011fr\u0131 Merkezi Hizmetleri A.\u015e. (Specto), Webinstats Yaz\u0131l\u0131m Hiz. ve Tic. Ltd. \u015eti (WebInStats), Mutlucell \u0130leti\u015fim Hizmetleri A.\u015e. (Mutlucell) und Netgsm \u0130leti\u015fim ve Bilgi Teknolojileri A.\u015e. (Netgsm) im Rahmen der in Artikel 9 des Gesetzes festgelegten Bedingungen f\u00fcr die Verarbeitung personenbezogener Daten, zum Zweck der Anpassung und Empfehlung von Produkten und Dienstleistungen unseres Unternehmens an Ihre Pr\u00e4ferenzen, Nutzungsgewohnheiten und Bed\u00fcrfnisse sowie der Zusendung von Werbung, Aktionen, Kampagnen und \u00e4hnlichen kommerziellen elektronischen Mitteilungen an Ihre Kontaktdaten.<\/p>\n\n\n\n<h4 class=\"wp-block-heading\">Methode und Rechtsgrundlage f\u00fcr die Erhebung personenbezogener Daten<\/h4>\n\n\n\n<p>Ihre personenbezogenen Daten werden von unserem Unternehmen elektronisch \u00fcber unsere Website, mobile Anwendungen, Social-Media-Konten und E-Mail sowie physisch per Kurier\/Post, Fax und in pers\u00f6nlichen Gespr\u00e4chen erfasst, wenn Sie im Zusammenhang mit der Inanspruchnahme unserer Fahrzeugvermietungsdienste mit unserem Unternehmen Kontakt aufnehmen. Die Rechtsgrundlage hierf\u00fcr sind die in den Artikeln 5 und 6 des Gesetzes genannten und nachstehend dargestellten Bestimmungen.<\/p>\n\n\n\n<p>Die Verarbeitung personenbezogener Daten der Vertragsparteien ist zul\u00e4ssig, wenn sie f\u00fcr die Begr\u00fcndung oder Erf\u00fcllung des Vertrags erforderlich ist und in direktem Zusammenhang mit dem Vertrag steht.;<\/p>\n\n\n\n<ul class=\"wp-block-list\">\n<li>Wir sorgen daf\u00fcr, dass Sie von unseren Tages- oder Monatsmietwagen profitieren k\u00f6nnen und bearbeiten Reservierungen und Stornierungsanfragen entsprechend.,<\/li>\n\n\n\n<li>Abschluss und Durchsetzung von Mietvertr\u00e4gen,<\/li>\n\n\n\n<li>Erstellung, \u00dcberwachung oder K\u00fcndigung von Mitgliedschaften im Zusammenhang mit den Autovermietungsdiensten unseres Unternehmens,<\/li>\n\n\n\n<li>Bereitstellung von Kundendienstleistungen.,<\/li>\n\n\n\n<li>Zus\u00e4tzliche Vorteile f\u00fcr Mitglieder des Treueprogramms bieten,<\/li>\n<\/ul>\n\n\n\n<p>Auf der rechtlichen Grundlage, dass dies f\u00fcr unser Unternehmen zur Erf\u00fcllung seiner gesetzlichen Verpflichtungen erforderlich ist;<\/p>\n\n\n\n<ul class=\"wp-block-list\">\n<li>Erf\u00fcllung von Anfragen offizieller Institutionen,<\/li>\n<\/ul>\n\n\n\n<p>auf der Rechtsgrundlage, dass die Datenverarbeitung zur Begr\u00fcndung, Aus\u00fcbung oder zum Schutz eines Rechts erforderlich ist;<\/p>\n\n\n\n<ul class=\"wp-block-list\">\n<li>Unser Unternehmen nimmt Ihre Anfragen, Beschwerden und Anregungen entgegen, pr\u00fcft diese und bearbeitet sie.,<\/li>\n<\/ul>\n\n\n\n<p>Die Datenverarbeitung ist zur Wahrung der berechtigten Interessen des Verantwortlichen erforderlich, sofern dadurch nicht die Grundrechte und Grundfreiheiten der betroffenen Person beeintr\u00e4chtigt werden.;<\/p>\n\n\n\n<ul class=\"wp-block-list\">\n<li>Durchf\u00fchrung von Buchhaltungs- und Finanzprozessen,<\/li>\n\n\n\n<li>Durchf\u00fchrung von Finanzrisikobewertungen f\u00fcr Kunden,<\/li>\n\n\n\n<li>Planung und Durchf\u00fchrung von Kundenbeziehungsmanagementprozessen,<\/li>\n\n\n\n<li>Nachverfolgung und Verwaltung von Rechtsangelegenheiten,<\/li>\n\n\n\n<li>Implementierung von Informationssicherheitsprozessen,<\/li>\n\n\n\n<li>Durchf\u00fchrung von Pr\u00fcfungs- und Ethikaktivit\u00e4ten,<\/li>\n\n\n\n<li>\u00dcberwachungst\u00e4tigkeiten im Zusammenhang mit Dienstleistungen,<\/li>\n\n\n\n<li>Planung und Durchf\u00fchrung von Ma\u00dfnahmen zur Kundenzufriedenheit und Unternehmenskommunikation.,<\/li>\n\n\n\n<li>Durchf\u00fchrung von Verlosungen, Kampagnen, Wettbewerben, Werbeaktionen oder Werbeaktivit\u00e4ten,<\/li>\n<\/ul>\n\n\n\n<p>Wenn Sie Ihre ausdr\u00fcckliche Zustimmung erteilen;<\/p>\n\n\n\n<ul class=\"wp-block-list\">\n<li>Ihre Identit\u00e4ts-, Kontakt-, Kunden-, Kundentransaktions-, Marketing-, Fahrzeug- und Versicherungsdaten k\u00f6nnen von unserem Unternehmen verarbeitet werden, um die Ihnen angebotenen Produkte und Dienstleistungen an Ihre Pr\u00e4ferenzen, Nutzungsgewohnheiten und Bed\u00fcrfnisse anzupassen und Ihnen Werbung, Aktionen, Kampagnen und \u00e4hnliche kommerzielle elektronische Mitteilungen an Ihre Kontaktdaten zu senden.<\/li>\n\n\n\n<li>Ihre Identit\u00e4ts-, Kontakt-, Finanz- und Nutzungsdaten k\u00f6nnen an WebInStats, Mutlucell und Netgsm weitergegeben werden, um die von unserem Unternehmen angebotenen Produkte und Dienstleistungen an Ihre Pr\u00e4ferenzen, Nutzungsgewohnheiten und Bed\u00fcrfnisse anzupassen und Ihnen Werbung, Aktionen, Kampagnen und \u00e4hnliche kommerzielle elektronische Mitteilungen an Ihre Kontaktdaten zu senden.<\/li>\n<\/ul>\n\n\n\n<h4 class=\"wp-block-heading\">Rechte der betroffenen Person gem\u00e4\u00df Artikel 11 des Gesetzes<\/h4>\n\n\n\n<p>Wir informieren Sie dar\u00fcber, dass Sie als betroffene Person gem\u00e4\u00df Artikel 11 des Gesetzes folgende Rechte haben:<\/p>\n\n\n\n<ul class=\"wp-block-list\">\n<li>Um herauszufinden, ob Ihre personenbezogenen Daten verarbeitet werden,<\/li>\n\n\n\n<li>Das Recht, Auskunft \u00fcber die Verarbeitung personenbezogener Daten zu verlangen.,<\/li>\n\n\n\n<li>Um den Zweck der Verarbeitung personenbezogener Daten zu erfahren und zu pr\u00fcfen, ob diese Daten f\u00fcr diesen Zweck angemessen verwendet werden.,<\/li>\n\n\n\n<li>Kenntnis der Drittparteien, an die personenbezogene Daten \u00fcbermittelt werden, sei es im Inland oder im Ausland.,<\/li>\n\n\n\n<li>Das Recht, die Berichtigung personenbezogener Daten zu verlangen, wenn diese unvollst\u00e4ndig oder unrichtig verarbeitet wurden, und zu verlangen, dass diese Berichtigung Dritten mitgeteilt wird, an die die personenbezogenen Daten \u00fcbermittelt wurden.,<\/li>\n\n\n\n<li>Auch wenn personenbezogene Daten in \u00dcbereinstimmung mit dem Gesetz und anderen einschl\u00e4gigen Rechtsvorschriften verarbeitet wurden, besteht das Recht, die L\u00f6schung oder Vernichtung personenbezogener Daten zu verlangen, wenn die Gr\u00fcnde f\u00fcr deren Verarbeitung wegfallen, und zu verlangen, dass diese Ma\u00dfnahme Dritten mitgeteilt wird, an die die personenbezogenen Daten \u00fcbermittelt wurden.,<\/li>\n\n\n\n<li>Das Recht, gegen ein Ergebnis Widerspruch einzulegen, das f\u00fcr einen selbst nachteilig ist und aus der Analyse verarbeiteter Daten ausschlie\u00dflich durch automatisierte Systeme resultiert.,<\/li>\n\n\n\n<li>Personen, denen durch die unrechtm\u00e4\u00dfige Verarbeitung ihrer personenbezogenen Daten ein Schaden entsteht, haben das Recht, Schadensersatz f\u00fcr diesen Schaden zu verlangen.<\/li>\n<\/ul>\n\n\n\n<p>Sie k\u00f6nnen Ihre Antr\u00e4ge bez\u00fcglich der oben aufgef\u00fchrten Rechte einreichen.,\u00a0<a href=\"https:\/\/www.renticar.com\/pdf\/veri-sahibi-basvuru-formu.pdf\" target=\"_blank\" rel=\"noreferrer noopener\">info@rentaluxcar.com<\/a> Sie k\u00f6nnen Ihre Anfrage per E-Mail an unser Unternehmen senden. Je nach Art Ihrer Anfrage wird diese schnellstm\u00f6glich und sp\u00e4testens innerhalb von drei\u00dfig Tagen kostenlos bearbeitet. Sollten jedoch zus\u00e4tzliche Kosten entstehen, k\u00f6nnen Ihnen diese gem\u00e4\u00df der vom Datenschutzbeauftragten festgelegten Geb\u00fchrenordnung in Rechnung gestellt werden.<\/p>","protected":false},"excerpt":{"rendered":"<p>K\u0130\u015e\u0130SEL VER\u0130LER\u0130N KORUNMASI VE \u0130\u015eLENMES\u0130 AYDINLATMA METN\u0130 Veri Sorumlusu 6698 say\u0131l\u0131 Ki\u015fisel Verilerin Korunmas\u0131 Kanunu (&#8220;Kanun&#8221;) uyar\u0131nca, veri sorumlusu s\u0131fat\u0131yla hareket eden rentaluxcar.com taraf\u0131ndan ki\u015fisel verilerinizin korunmas\u0131na b\u00fcy\u00fck \u00f6nem verilmektedir. Ki\u015fisel Verilerin Hangi Ama\u00e7la \u0130\u015flenece\u011fi Toplanan ki\u015fisel verileriniz, \u015eirketimiz taraf\u0131ndan sunulan \u00fcr\u00fcn ve hizmetlerden sizleri faydaland\u0131rmak i\u00e7in gerekli \u00e7al\u0131\u015fmalar\u0131n i\u015f<span class=\"excerpt-hellip\"> [\u2026]<\/span><\/p>\n","protected":false},"author":3,"featured_media":0,"parent":0,"menu_order":0,"comment_status":"closed","ping_status":"closed","template":"","meta":{"footnotes":""},"class_list":["post-10974","page","type-page","status-publish","hentry"],"_links":{"self":[{"href":"https:\/\/rentaluxcar.com\/de\/wp-json\/wp\/v2\/pages\/10974","targetHints":{"allow":["GET"]}}],"collection":[{"href":"https:\/\/rentaluxcar.com\/de\/wp-json\/wp\/v2\/pages"}],"about":[{"href":"https:\/\/rentaluxcar.com\/de\/wp-json\/wp\/v2\/types\/page"}],"author":[{"embeddable":true,"href":"https:\/\/rentaluxcar.com\/de\/wp-json\/wp\/v2\/users\/3"}],"replies":[{"embeddable":true,"href":"https:\/\/rentaluxcar.com\/de\/wp-json\/wp\/v2\/comments?post=10974"}],"version-history":[{"count":1,"href":"https:\/\/rentaluxcar.com\/de\/wp-json\/wp\/v2\/pages\/10974\/revisions"}],"predecessor-version":[{"id":10975,"href":"https:\/\/rentaluxcar.com\/de\/wp-json\/wp\/v2\/pages\/10974\/revisions\/10975"}],"wp:attachment":[{"href":"https:\/\/rentaluxcar.com\/de\/wp-json\/wp\/v2\/media?parent=10974"}],"curies":[{"name":"wp","href":"https:\/\/api.w.org\/{rel}","templated":true}]}}